{"id":286,"date":"2016-07-10T05:42:38","date_gmt":"2016-07-10T05:42:38","guid":{"rendered":"http:\/\/www.dripcoffeepacking.com\/es\/?page_id=286"},"modified":"2016-07-20T03:22:59","modified_gmt":"2016-07-20T03:22:59","slug":"sobre-nosotros","status":"publish","type":"page","link":"https:\/\/www.dripcoffeepacking.com\/es\/sobre-nosotros\/","title":{"rendered":"Sobre nosotros"},"content":{"rendered":"<p><a href=\"https:\/\/www.dripcoffeepacking.com\/square-shape-tea-bag-packing-machine-with-outer-pack\/\"><img decoding=\"async\" class=\"alignnone size-full wp-image-542\" src=\"https:\/\/www.dripcoffeepacking.com\/wp-content\/uploads\/2016\/07\/Banner6-Outer-Bag-and-Inner-Bag-Tea-Bag-Packing-Machine.jpg\" alt=\"Banner6-Outer-Bag-and-Inner-Bag-Tea-Bag-Packing-Machine\" width=\"1920\" height=\"500\" srcset=\"https:\/\/www.dripcoffeepacking.com\/wp-content\/uploads\/2016\/07\/Banner6-Outer-Bag-and-Inner-Bag-Tea-Bag-Packing-Machine.jpg 1920w, https:\/\/www.dripcoffeepacking.com\/wp-content\/uploads\/2016\/07\/Banner6-Outer-Bag-and-Inner-Bag-Tea-Bag-Packing-Machine-300x78.jpg 300w, https:\/\/www.dripcoffeepacking.com\/wp-content\/uploads\/2016\/07\/Banner6-Outer-Bag-and-Inner-Bag-Tea-Bag-Packing-Machine-768x200.jpg 768w, https:\/\/www.dripcoffeepacking.com\/wp-content\/uploads\/2016\/07\/Banner6-Outer-Bag-and-Inner-Bag-Tea-Bag-Packing-Machine-1024x267.jpg 1024w\" sizes=\"(max-width: 1920px) 100vw, 1920px\" \/><\/a><\/p>\n<p>Romiter Machinery Co., Ltd. es un l\u00edder en el dise\u00f1o de mercado y un fabricante de embalaje de polvo de caf\u00e9 y t\u00e9 en polvo m\u00e1quina de envasado<\/p>\n<p><a href=\"https:\/\/www.dripcoffeepacking.com\/automatic-drip-coffee-bag-packing-machine-with-outer-envelope\/\"><img decoding=\"async\" class=\"alignnone size-full wp-image-541\" src=\"https:\/\/www.dripcoffeepacking.com\/wp-content\/uploads\/2016\/07\/Banner1-Drip-Coffee-Bag-Packing-Machine.jpg\" alt=\"Banner1-Drip-Coffee-Bag-Packing-Machine\" width=\"1920\" height=\"500\" srcset=\"https:\/\/www.dripcoffeepacking.com\/wp-content\/uploads\/2016\/07\/Banner1-Drip-Coffee-Bag-Packing-Machine.jpg 1920w, https:\/\/www.dripcoffeepacking.com\/wp-content\/uploads\/2016\/07\/Banner1-Drip-Coffee-Bag-Packing-Machine-300x78.jpg 300w, https:\/\/www.dripcoffeepacking.com\/wp-content\/uploads\/2016\/07\/Banner1-Drip-Coffee-Bag-Packing-Machine-768x200.jpg 768w, https:\/\/www.dripcoffeepacking.com\/wp-content\/uploads\/2016\/07\/Banner1-Drip-Coffee-Bag-Packing-Machine-1024x267.jpg 1024w\" sizes=\"(max-width: 1920px) 100vw, 1920px\" \/><\/a><\/p>\n<p>Romiter Maquinaria gana gran reputaci\u00f3n para los productos con alta eficiencia, excelente fiabilidad, facilidad de mantenimiento y larga vida \u00fatil. Romiter tiene un excelente equipo de soporte t\u00e9cnico, incluyendo operarios altamente experimentados y t\u00e9cnicos de servicio. Todas nuestras m\u00e1quinas equipan piezas de buena marca confiables, tales como Airtac, Festo, Leuze, Siemens, Mitsubishi, Delta, Omron, etc .. Esto nos permite ofrecer a nuestros clientes con alta calidad continua y c\u00e1psulas de caf\u00e9 del estado de la t\u00e9cnica de envasado equipos a precios competitivos.<\/p>\n<p><a href=\"https:\/\/www.dripcoffeepacking.com\/full-automatic-pyramid-tea-bag-packing-machine-with-outer-envelope\/\"><img decoding=\"async\" class=\"alignnone size-full wp-image-540\" src=\"https:\/\/www.dripcoffeepacking.com\/wp-content\/uploads\/2016\/07\/Banner2-Pyramid-Nylon-Tea-Bag-Packing-Machine.jpg\" alt=\"Banner2-Pyramid-Nylon-Tea-Bag-Packing-Machine\" width=\"1920\" height=\"500\" srcset=\"https:\/\/www.dripcoffeepacking.com\/wp-content\/uploads\/2016\/07\/Banner2-Pyramid-Nylon-Tea-Bag-Packing-Machine.jpg 1920w, https:\/\/www.dripcoffeepacking.com\/wp-content\/uploads\/2016\/07\/Banner2-Pyramid-Nylon-Tea-Bag-Packing-Machine-300x78.jpg 300w, https:\/\/www.dripcoffeepacking.com\/wp-content\/uploads\/2016\/07\/Banner2-Pyramid-Nylon-Tea-Bag-Packing-Machine-768x200.jpg 768w, https:\/\/www.dripcoffeepacking.com\/wp-content\/uploads\/2016\/07\/Banner2-Pyramid-Nylon-Tea-Bag-Packing-Machine-1024x267.jpg 1024w\" sizes=\"(max-width: 1920px) 100vw, 1920px\" \/><\/a><\/p>\n<p>Nuestro servicio, profesionalismo, experiencia y conocimientos han ganado un gran n\u00famero de clientes satisfechos, nos han ganado su confianza y nos ha dado la credibilidad de trabajar con varias compa\u00f1\u00edas &#8212; tanto grandes como peque\u00f1as, a lo largo de la zona de Oriente Medio, del Norte y del Sur, Europa, Ocean\u00eda, Asia y \u00c1frica, etc ..<\/p>\n<p><a href=\"https:\/\/www.dripcoffeepacking.com\/rotary-type-tea-capsules-filling-sealing-machine\/\"><img decoding=\"async\" class=\"alignnone size-full wp-image-544\" src=\"https:\/\/www.dripcoffeepacking.com\/wp-content\/uploads\/2016\/07\/Banner4-English-Breakfast-Tea-Capsules-Filling-Sealing-Machine.jpg\" alt=\"Banner4-English-Breakfast-Tea-Capsules-Filling-Sealing-Machine\" width=\"1920\" height=\"500\" srcset=\"https:\/\/www.dripcoffeepacking.com\/wp-content\/uploads\/2016\/07\/Banner4-English-Breakfast-Tea-Capsules-Filling-Sealing-Machine.jpg 1920w, https:\/\/www.dripcoffeepacking.com\/wp-content\/uploads\/2016\/07\/Banner4-English-Breakfast-Tea-Capsules-Filling-Sealing-Machine-300x78.jpg 300w, https:\/\/www.dripcoffeepacking.com\/wp-content\/uploads\/2016\/07\/Banner4-English-Breakfast-Tea-Capsules-Filling-Sealing-Machine-768x200.jpg 768w, https:\/\/www.dripcoffeepacking.com\/wp-content\/uploads\/2016\/07\/Banner4-English-Breakfast-Tea-Capsules-Filling-Sealing-Machine-1024x267.jpg 1024w\" sizes=\"(max-width: 1920px) 100vw, 1920px\" \/><\/a><\/p>\n<p>Romiter polvo del caf\u00e9 de la m\u00e1quina de embalaje y polvo del t\u00e9 m\u00e1quina de embalaje significan Europa requisito de calidad. con la certificaci\u00f3n del CE, el cliente no tiene que preocuparse por la importaci\u00f3n<\/p>\n<p><a href=\"https:\/\/www.dripcoffeepacking.com\/automatic-round-tea-pods-packing-machine\/\"><img decoding=\"async\" class=\"alignnone size-full wp-image-539\" src=\"https:\/\/www.dripcoffeepacking.com\/wp-content\/uploads\/2016\/07\/Banner3-Round-Shape-Tea-Pods-Packing-Machine.jpg\" alt=\"Banner3-Round-Shape-Tea-Pods-Packing-Machine\" width=\"1920\" height=\"500\" srcset=\"https:\/\/www.dripcoffeepacking.com\/wp-content\/uploads\/2016\/07\/Banner3-Round-Shape-Tea-Pods-Packing-Machine.jpg 1920w, https:\/\/www.dripcoffeepacking.com\/wp-content\/uploads\/2016\/07\/Banner3-Round-Shape-Tea-Pods-Packing-Machine-300x78.jpg 300w, https:\/\/www.dripcoffeepacking.com\/wp-content\/uploads\/2016\/07\/Banner3-Round-Shape-Tea-Pods-Packing-Machine-768x200.jpg 768w, https:\/\/www.dripcoffeepacking.com\/wp-content\/uploads\/2016\/07\/Banner3-Round-Shape-Tea-Pods-Packing-Machine-1024x267.jpg 1024w\" sizes=\"(max-width: 1920px) 100vw, 1920px\" \/><\/a><\/p>\n<p>Romiter Grupo ofrece una soluci\u00f3n de polvo tomo caf\u00e9 y t\u00e9 en polvo envasado completa, que incluye pero no se limita a:<\/p>\n<ol>\n<li>Goteo del caf\u00e9 bolsa m\u00e1quina de embalaje<\/li>\n<li>M\u00e1quina de caf\u00e9 instant\u00e1neo embalaje del palillo<\/li>\n<li>Las c\u00e1psulas de t\u00e9 de llenado y sellado de la m\u00e1quina<\/li>\n<li>La bolsita de t\u00e9 de la m\u00e1quina de embalaje<\/li>\n<li>Las vainas de t\u00e9 m\u00e1quina de embalaje<\/li>\n<li>Las c\u00e1psulas de caf\u00e9 de llenado y sellado de la m\u00e1quina<\/li>\n<li>Vaciar la bolsa de caf\u00e9 por goteo, c\u00e1psulas de t\u00e9 vac\u00edo, vac\u00edo c\u00e1psulas Nespresso, Kcups C\u00e1psulas<\/li>\n<\/ol>\n<p>Romiter grupo puede ofrecer productos personalizados para los clientes. Bienvenido a ponerse en contacto con nosotros para obtener m\u00e1s informaci\u00f3n.<\/p>\n<p><span style=\"font-family: verdana,geneva;\">Facebook Page:\u00a0<a href=\"https:\/\/www.facebook.com\/PyramidTeaBagPackingMachine\/\" rel=\"nofollow\">https:\/\/www.facebook.com\/PyramidTeaBagPackingMachine\/<\/a><\/span><\/p>\n<h2><span style=\"font-family: verdana, geneva; color: #000000; background-color: #ffffff;\">Welcome to Contact Us<\/span><\/h2>\n<hr \/>\n\n<div class=\"wpcf7 no-js\" id=\"wpcf7-f15-o1\" lang=\"en-US\" dir=\"ltr\" data-wpcf7-id=\"15\">\n<div class=\"screen-reader-response\"><p role=\"status\" aria-live=\"polite\" aria-atomic=\"true\"><\/p> <ul><\/ul><\/div>\n<form action=\"\/es\/wp-json\/wp\/v2\/pages\/286#wpcf7-f15-o1\" method=\"post\" class=\"wpcf7-form init\" aria-label=\"Contact form\" novalidate=\"novalidate\" data-status=\"init\">\n<fieldset class=\"hidden-fields-container\"><input type=\"hidden\" name=\"_wpcf7\" value=\"15\" \/><input type=\"hidden\" name=\"_wpcf7_version\" value=\"6.1.5\" \/><input type=\"hidden\" name=\"_wpcf7_locale\" value=\"en_US\" \/><input type=\"hidden\" name=\"_wpcf7_unit_tag\" value=\"wpcf7-f15-o1\" \/><input type=\"hidden\" name=\"_wpcf7_container_post\" value=\"0\" \/><input type=\"hidden\" name=\"_wpcf7_posted_data_hash\" value=\"\" \/>\n<\/fieldset>\n<div id=\"inquiryForm\">\n\t<h2>Send Us Inquiry to Get Quotation\n\t<\/h2>\n\t<p>Please enter your contact information and the details you want to know about our product.\n\t<\/p>\n\t<p>Your Name (required)\n\t<\/p>\n\t<p><span class=\"wpcf7-form-control-wrap\" data-name=\"your-name\"><input size=\"40\" maxlength=\"400\" class=\"wpcf7-form-control wpcf7-text wpcf7-validates-as-required\" aria-required=\"true\" aria-invalid=\"false\" value=\"\" type=\"text\" name=\"your-name\" \/><\/span>\n\t<\/p>\n\t<p>Your Email (required)\n\t<\/p>\n\t<p><span class=\"wpcf7-form-control-wrap\" data-name=\"your-email\"><input size=\"40\" maxlength=\"400\" class=\"wpcf7-form-control wpcf7-email wpcf7-validates-as-required wpcf7-text wpcf7-validates-as-email\" aria-required=\"true\" aria-invalid=\"false\" value=\"\" type=\"email\" name=\"your-email\" \/><\/span>\n\t<\/p>\n\t<p>Country\n\t<\/p>\n\t<p><span class=\"wpcf7-form-control-wrap\" data-name=\"your-country\"><input size=\"40\" maxlength=\"400\" class=\"wpcf7-form-control wpcf7-text\" aria-invalid=\"false\" placeholder=\"Tell us Your Country\" value=\"\" type=\"text\" name=\"your-country\" \/><\/span>\n\t<\/p>\n\t<p>WhatsApp\n\t<\/p>\n\t<p><span class=\"wpcf7-form-control-wrap\" data-name=\"your-whatsapp\"><input size=\"40\" maxlength=\"400\" class=\"wpcf7-form-control wpcf7-text\" aria-invalid=\"false\" placeholder=\"Your WhatsApp ID with Country Code\" value=\"\" type=\"text\" name=\"your-whatsapp\" \/><\/span>\n\t<\/p>\n\t<p>Subject\n\t<\/p>\n\t<p><span class=\"wpcf7-form-control-wrap\" data-name=\"your-subject\"><input size=\"40\" maxlength=\"400\" class=\"wpcf7-form-control wpcf7-text\" aria-invalid=\"false\" value=\"\" type=\"text\" name=\"your-subject\" \/><\/span>\n\t<\/p>\n\t<p>Your Message (required)\n\t<\/p>\n\t<p><span class=\"wpcf7-form-control-wrap\" data-name=\"your-message\"><textarea cols=\"40\" rows=\"10\" maxlength=\"2000\" class=\"wpcf7-form-control wpcf7-textarea wpcf7-validates-as-required\" aria-required=\"true\" aria-invalid=\"false\" placeholder=\"please specify your detail requirement here\" name=\"your-message\"><\/textarea><\/span>\n\t<\/p>\n\t<p><input class=\"wpcf7-form-control wpcf7-submit has-spinner\" type=\"submit\" value=\"Send\" \/>\n\t<\/p>\n<\/div><p style=\"display: none !important;\" class=\"akismet-fields-container\" data-prefix=\"_wpcf7_ak_\"><label>&#916;<textarea name=\"_wpcf7_ak_hp_textarea\" cols=\"45\" rows=\"8\" maxlength=\"100\"><\/textarea><\/label><input type=\"hidden\" id=\"ak_js_1\" name=\"_wpcf7_ak_js\" value=\"241\"\/><script>document.getElementById( \"ak_js_1\" ).setAttribute( \"value\", ( new Date() ).getTime() );<\/script><\/p><div class=\"wpcf7-response-output\" aria-hidden=\"true\"><\/div>\n<\/form>\n<\/div>\n\n","protected":false},"excerpt":{"rendered":"<p>Romiter Machinery Co., Ltd. es un l\u00edder en el dise\u00f1o de mercado y un fabricante de embalaje de polvo de caf\u00e9 y t\u00e9 en polvo m\u00e1quina de envasado Romiter Maquinaria gana gran reputaci\u00f3n para los productos con alta eficiencia, excelente fiabilidad, facilidad de mantenimiento y larga vida \u00fatil. Romiter tiene un excelente equipo de soporte t\u00e9cnico, incluyendo operarios altamente experimentados y t\u00e9cnicos de servicio. Todas nuestras m\u00e1quinas equipan piezas de buena marca confiables, tales como Airtac, Festo, Leuze, Siemens, Mitsubishi, Delta, Omron, etc .. Esto nos permite ofrecer a nuestros clientes con alta calidad continua y c\u00e1psulas de caf\u00e9 del estado de la t\u00e9cnica de envasado equipos a precios competitivos. Nuestro servicio, profesionalismo, experiencia y conocimientos han ganado un gran n\u00famero de clientes satisfechos, nos han ganado su confianza y nos ha dado la credibilidad de trabajar con varias compa\u00f1\u00edas &#8212; tanto grandes como peque\u00f1as, a lo largo de la zona de Oriente Medio, del Norte y del Sur, Europa, &#8230;<\/p>\n","protected":false},"author":1,"featured_media":0,"parent":0,"menu_order":0,"comment_status":"closed","ping_status":"closed","template":"","meta":{"footnotes":""},"class_list":["post-286","page","type-page","status-publish","hentry"],"aioseo_notices":[],"jetpack_sharing_enabled":true,"_links":{"self":[{"href":"https:\/\/www.dripcoffeepacking.com\/es\/wp-json\/wp\/v2\/pages\/286","targetHints":{"allow":["GET"]}}],"collection":[{"href":"https:\/\/www.dripcoffeepacking.com\/es\/wp-json\/wp\/v2\/pages"}],"about":[{"href":"https:\/\/www.dripcoffeepacking.com\/es\/wp-json\/wp\/v2\/types\/page"}],"author":[{"embeddable":true,"href":"https:\/\/www.dripcoffeepacking.com\/es\/wp-json\/wp\/v2\/users\/1"}],"replies":[{"embeddable":true,"href":"https:\/\/www.dripcoffeepacking.com\/es\/wp-json\/wp\/v2\/comments?post=286"}],"version-history":[{"count":0,"href":"https:\/\/www.dripcoffeepacking.com\/es\/wp-json\/wp\/v2\/pages\/286\/revisions"}],"wp:attachment":[{"href":"https:\/\/www.dripcoffeepacking.com\/es\/wp-json\/wp\/v2\/media?parent=286"}],"curies":[{"name":"wp","href":"https:\/\/api.w.org\/{rel}","templated":true}]}}