{"id":284,"date":"2016-07-10T05:42:32","date_gmt":"2016-07-10T05:42:32","guid":{"rendered":"http:\/\/www.dripcoffeepacking.com\/fr\/?page_id=284"},"modified":"2016-07-20T03:23:12","modified_gmt":"2016-07-20T03:23:12","slug":"a-propos-de-nous","status":"publish","type":"page","link":"https:\/\/www.dripcoffeepacking.com\/fr\/a-propos-de-nous\/","title":{"rendered":"\u00c0 propos de nous"},"content":{"rendered":"<p><a href=\"https:\/\/www.dripcoffeepacking.com\/square-shape-tea-bag-packing-machine-with-outer-pack\/\"><img decoding=\"async\" class=\"alignnone size-full wp-image-542\" src=\"https:\/\/www.dripcoffeepacking.com\/wp-content\/uploads\/2016\/07\/Banner6-Outer-Bag-and-Inner-Bag-Tea-Bag-Packing-Machine.jpg\" alt=\"Banner6-Outer-Bag-and-Inner-Bag-Tea-Bag-Packing-Machine\" width=\"1920\" height=\"500\" srcset=\"https:\/\/www.dripcoffeepacking.com\/wp-content\/uploads\/2016\/07\/Banner6-Outer-Bag-and-Inner-Bag-Tea-Bag-Packing-Machine.jpg 1920w, https:\/\/www.dripcoffeepacking.com\/wp-content\/uploads\/2016\/07\/Banner6-Outer-Bag-and-Inner-Bag-Tea-Bag-Packing-Machine-300x78.jpg 300w, https:\/\/www.dripcoffeepacking.com\/wp-content\/uploads\/2016\/07\/Banner6-Outer-Bag-and-Inner-Bag-Tea-Bag-Packing-Machine-768x200.jpg 768w, https:\/\/www.dripcoffeepacking.com\/wp-content\/uploads\/2016\/07\/Banner6-Outer-Bag-and-Inner-Bag-Tea-Bag-Packing-Machine-1024x267.jpg 1024w\" sizes=\"(max-width: 1920px) 100vw, 1920px\" \/><\/a><\/p>\n<p>Romiter Machinery Co., Ltd est un leader dans la conception du march\u00e9 et un fabricant d&#8217;emballage de poudre de caf\u00e9 et de th\u00e9 machine d&#8217;emballage de poudre<\/p>\n<p><a href=\"https:\/\/www.dripcoffeepacking.com\/automatic-drip-coffee-bag-packing-machine-with-outer-envelope\/\"><img decoding=\"async\" class=\"alignnone size-full wp-image-541\" src=\"https:\/\/www.dripcoffeepacking.com\/wp-content\/uploads\/2016\/07\/Banner1-Drip-Coffee-Bag-Packing-Machine.jpg\" alt=\"Banner1-Drip-Coffee-Bag-Packing-Machine\" width=\"1920\" height=\"500\" srcset=\"https:\/\/www.dripcoffeepacking.com\/wp-content\/uploads\/2016\/07\/Banner1-Drip-Coffee-Bag-Packing-Machine.jpg 1920w, https:\/\/www.dripcoffeepacking.com\/wp-content\/uploads\/2016\/07\/Banner1-Drip-Coffee-Bag-Packing-Machine-300x78.jpg 300w, https:\/\/www.dripcoffeepacking.com\/wp-content\/uploads\/2016\/07\/Banner1-Drip-Coffee-Bag-Packing-Machine-768x200.jpg 768w, https:\/\/www.dripcoffeepacking.com\/wp-content\/uploads\/2016\/07\/Banner1-Drip-Coffee-Bag-Packing-Machine-1024x267.jpg 1024w\" sizes=\"(max-width: 1920px) 100vw, 1920px\" \/><\/a><\/p>\n<p>Romiter Machines gagne grande r\u00e9putation pour les produits avec une grande efficacit\u00e9, une excellente fiabilit\u00e9, facilit\u00e9 d&rsquo;entretien et de longue dur\u00e9e de vie. Romiter a une excellente \u00e9quipe de soutien technique, y compris les machinistes tr\u00e8s exp\u00e9riment\u00e9s et des techniciens de maintenance. Toutes nos machines \u00e9quipent avec des composants de marque fiables, tels que Airtac, Festo, Leuze, Siemens, Mitsubishi, Delta, Omron, etc .. Cela nous permet de fournir \u00e0 nos clients avec des capsules de caf\u00e9 state-of-the-art continu haute qualit\u00e9 et d&#8217;emballage \u00e0 des prix comp\u00e9titifs.<\/p>\n<p><a href=\"https:\/\/www.dripcoffeepacking.com\/full-automatic-pyramid-tea-bag-packing-machine-with-outer-envelope\/\"><img decoding=\"async\" class=\"alignnone size-full wp-image-540\" src=\"https:\/\/www.dripcoffeepacking.com\/wp-content\/uploads\/2016\/07\/Banner2-Pyramid-Nylon-Tea-Bag-Packing-Machine.jpg\" alt=\"Banner2-Pyramid-Nylon-Tea-Bag-Packing-Machine\" width=\"1920\" height=\"500\" srcset=\"https:\/\/www.dripcoffeepacking.com\/wp-content\/uploads\/2016\/07\/Banner2-Pyramid-Nylon-Tea-Bag-Packing-Machine.jpg 1920w, https:\/\/www.dripcoffeepacking.com\/wp-content\/uploads\/2016\/07\/Banner2-Pyramid-Nylon-Tea-Bag-Packing-Machine-300x78.jpg 300w, https:\/\/www.dripcoffeepacking.com\/wp-content\/uploads\/2016\/07\/Banner2-Pyramid-Nylon-Tea-Bag-Packing-Machine-768x200.jpg 768w, https:\/\/www.dripcoffeepacking.com\/wp-content\/uploads\/2016\/07\/Banner2-Pyramid-Nylon-Tea-Bag-Packing-Machine-1024x267.jpg 1024w\" sizes=\"(max-width: 1920px) 100vw, 1920px\" \/><\/a><\/p>\n<p>Notre service, le professionnalisme, l&rsquo;exp\u00e9rience et l&rsquo;expertise ont remport\u00e9 un grand nombre de clients satisfaits, nous ont gagn\u00e9 leur confiance et nous a donn\u00e9 de la cr\u00e9dibilit\u00e9 \u00e0 travailler avec diverses entreprises &#8212; grandes et petites, tout au long de la r\u00e9gion du Moyen-Orient, Am\u00e9rique du Nord et du Sud, Europe, Oc\u00e9anie, Asie et Afrique, etc ..<\/p>\n<p><a href=\"https:\/\/www.dripcoffeepacking.com\/rotary-type-tea-capsules-filling-sealing-machine\/\"><img decoding=\"async\" class=\"alignnone size-full wp-image-544\" src=\"https:\/\/www.dripcoffeepacking.com\/wp-content\/uploads\/2016\/07\/Banner4-English-Breakfast-Tea-Capsules-Filling-Sealing-Machine.jpg\" alt=\"Banner4-English-Breakfast-Tea-Capsules-Filling-Sealing-Machine\" width=\"1920\" height=\"500\" srcset=\"https:\/\/www.dripcoffeepacking.com\/wp-content\/uploads\/2016\/07\/Banner4-English-Breakfast-Tea-Capsules-Filling-Sealing-Machine.jpg 1920w, https:\/\/www.dripcoffeepacking.com\/wp-content\/uploads\/2016\/07\/Banner4-English-Breakfast-Tea-Capsules-Filling-Sealing-Machine-300x78.jpg 300w, https:\/\/www.dripcoffeepacking.com\/wp-content\/uploads\/2016\/07\/Banner4-English-Breakfast-Tea-Capsules-Filling-Sealing-Machine-768x200.jpg 768w, https:\/\/www.dripcoffeepacking.com\/wp-content\/uploads\/2016\/07\/Banner4-English-Breakfast-Tea-Capsules-Filling-Sealing-Machine-1024x267.jpg 1024w\" sizes=\"(max-width: 1920px) 100vw, 1920px\" \/><\/a><\/p>\n<p>Romiter caf\u00e9 en poudre machine d&#8217;emballage et de poudre de th\u00e9 machine d&#8217;emballage signifie l&rsquo;Europe Exigence de qualit\u00e9. avec la certification CE, le client n&rsquo;a pas besoin de se soucier de l&rsquo;importation<\/p>\n<p><a href=\"https:\/\/www.dripcoffeepacking.com\/automatic-round-tea-pods-packing-machine\/\"><img decoding=\"async\" class=\"alignnone size-full wp-image-539\" src=\"https:\/\/www.dripcoffeepacking.com\/wp-content\/uploads\/2016\/07\/Banner3-Round-Shape-Tea-Pods-Packing-Machine.jpg\" alt=\"Banner3-Round-Shape-Tea-Pods-Packing-Machine\" width=\"1920\" height=\"500\" srcset=\"https:\/\/www.dripcoffeepacking.com\/wp-content\/uploads\/2016\/07\/Banner3-Round-Shape-Tea-Pods-Packing-Machine.jpg 1920w, https:\/\/www.dripcoffeepacking.com\/wp-content\/uploads\/2016\/07\/Banner3-Round-Shape-Tea-Pods-Packing-Machine-300x78.jpg 300w, https:\/\/www.dripcoffeepacking.com\/wp-content\/uploads\/2016\/07\/Banner3-Round-Shape-Tea-Pods-Packing-Machine-768x200.jpg 768w, https:\/\/www.dripcoffeepacking.com\/wp-content\/uploads\/2016\/07\/Banner3-Round-Shape-Tea-Pods-Packing-Machine-1024x267.jpg 1024w\" sizes=\"(max-width: 1920px) 100vw, 1920px\" \/><\/a><\/p>\n<p>Romiter Group fournit une solution de poudre de coffeee et de la poudre de th\u00e9 emballage complet, qui comprend, mais sans s&rsquo;y limiter:<\/p>\n<ol>\n<li>Drip Sac Machine \u00e0 caf\u00e9 d&#8217;emballage<\/li>\n<li>Instantan\u00e9e machine d&#8217;emballage de caf\u00e9 de b\u00e2ton<\/li>\n<li>Capsules de th\u00e9 de remplissage Machine de cachetage<\/li>\n<li>Tea Bag Machine \u00e0 emballer<\/li>\n<li>Dosettes de th\u00e9 d&#8217;emballage machine<\/li>\n<li>Capsules de caf\u00e9 de remplissage Machine de cachetage<\/li>\n<li>Empty Drip Sac \u00e0 caf\u00e9, capsules de th\u00e9 vides, vides Capsules Nespresso, Kcups Capsules<\/li>\n<\/ol>\n<p>Romiter Groupe peut fournir des produits sur mesure pour les clients. Bienvenue \u00e0 nous contacter pour plus d&rsquo;informations.<\/p>\n<p><span style=\"font-family: verdana,geneva;\">Facebook Page:\u00a0<a href=\"https:\/\/www.facebook.com\/PyramidTeaBagPackingMachine\/\" rel=\"nofollow\">https:\/\/www.facebook.com\/PyramidTeaBagPackingMachine\/<\/a><\/span><\/p>\n<h2><span style=\"font-family: verdana, geneva; color: #000000; background-color: #ffffff;\">Welcome to Contact Us<\/span><\/h2>\n<hr \/>\n\n<div class=\"wpcf7 no-js\" id=\"wpcf7-f15-o1\" lang=\"en-US\" dir=\"ltr\" data-wpcf7-id=\"15\">\n<div class=\"screen-reader-response\"><p role=\"status\" aria-live=\"polite\" aria-atomic=\"true\"><\/p> <ul><\/ul><\/div>\n<form action=\"\/fr\/wp-json\/wp\/v2\/pages\/284#wpcf7-f15-o1\" method=\"post\" class=\"wpcf7-form init\" aria-label=\"Contact form\" novalidate=\"novalidate\" data-status=\"init\">\n<fieldset class=\"hidden-fields-container\"><input type=\"hidden\" name=\"_wpcf7\" value=\"15\" \/><input type=\"hidden\" name=\"_wpcf7_version\" value=\"6.1.5\" \/><input type=\"hidden\" name=\"_wpcf7_locale\" value=\"en_US\" \/><input type=\"hidden\" name=\"_wpcf7_unit_tag\" value=\"wpcf7-f15-o1\" \/><input type=\"hidden\" name=\"_wpcf7_container_post\" value=\"0\" \/><input type=\"hidden\" name=\"_wpcf7_posted_data_hash\" value=\"\" \/>\n<\/fieldset>\n<div id=\"inquiryForm\">\n\t<h2>Send Us Inquiry to Get Quotation\n\t<\/h2>\n\t<p>Please enter your contact information and the details you want to know about our product.\n\t<\/p>\n\t<p>Your Name (required)\n\t<\/p>\n\t<p><span class=\"wpcf7-form-control-wrap\" data-name=\"your-name\"><input size=\"40\" maxlength=\"400\" class=\"wpcf7-form-control wpcf7-text wpcf7-validates-as-required\" aria-required=\"true\" aria-invalid=\"false\" value=\"\" type=\"text\" name=\"your-name\" \/><\/span>\n\t<\/p>\n\t<p>Your Email (required)\n\t<\/p>\n\t<p><span class=\"wpcf7-form-control-wrap\" data-name=\"your-email\"><input size=\"40\" maxlength=\"400\" class=\"wpcf7-form-control wpcf7-email wpcf7-validates-as-required wpcf7-text wpcf7-validates-as-email\" aria-required=\"true\" aria-invalid=\"false\" value=\"\" type=\"email\" name=\"your-email\" \/><\/span>\n\t<\/p>\n\t<p>Country\n\t<\/p>\n\t<p><span class=\"wpcf7-form-control-wrap\" data-name=\"your-country\"><input size=\"40\" maxlength=\"400\" class=\"wpcf7-form-control wpcf7-text\" aria-invalid=\"false\" placeholder=\"Tell us Your Country\" value=\"\" type=\"text\" name=\"your-country\" \/><\/span>\n\t<\/p>\n\t<p>WhatsApp\n\t<\/p>\n\t<p><span class=\"wpcf7-form-control-wrap\" data-name=\"your-whatsapp\"><input size=\"40\" maxlength=\"400\" class=\"wpcf7-form-control wpcf7-text\" aria-invalid=\"false\" placeholder=\"Your WhatsApp ID with Country Code\" value=\"\" type=\"text\" name=\"your-whatsapp\" \/><\/span>\n\t<\/p>\n\t<p>Subject\n\t<\/p>\n\t<p><span class=\"wpcf7-form-control-wrap\" data-name=\"your-subject\"><input size=\"40\" maxlength=\"400\" class=\"wpcf7-form-control wpcf7-text\" aria-invalid=\"false\" value=\"\" type=\"text\" name=\"your-subject\" \/><\/span>\n\t<\/p>\n\t<p>Your Message (required)\n\t<\/p>\n\t<p><span class=\"wpcf7-form-control-wrap\" data-name=\"your-message\"><textarea cols=\"40\" rows=\"10\" maxlength=\"2000\" class=\"wpcf7-form-control wpcf7-textarea wpcf7-validates-as-required\" aria-required=\"true\" aria-invalid=\"false\" placeholder=\"please specify your detail requirement here\" name=\"your-message\"><\/textarea><\/span>\n\t<\/p>\n\t<p><input class=\"wpcf7-form-control wpcf7-submit has-spinner\" type=\"submit\" value=\"Send\" \/>\n\t<\/p>\n<\/div><p style=\"display: none !important;\" class=\"akismet-fields-container\" data-prefix=\"_wpcf7_ak_\"><label>&#916;<textarea name=\"_wpcf7_ak_hp_textarea\" cols=\"45\" rows=\"8\" maxlength=\"100\"><\/textarea><\/label><input type=\"hidden\" id=\"ak_js_1\" name=\"_wpcf7_ak_js\" value=\"236\"\/><script>document.getElementById( \"ak_js_1\" ).setAttribute( \"value\", ( new Date() ).getTime() );<\/script><\/p><div class=\"wpcf7-response-output\" aria-hidden=\"true\"><\/div>\n<\/form>\n<\/div>\n\n","protected":false},"excerpt":{"rendered":"<p>Romiter Machinery Co., Ltd est un leader dans la conception du march\u00e9 et un fabricant d&#8217;emballage de poudre de caf\u00e9 et de th\u00e9 machine d&#8217;emballage de poudre Romiter Machines gagne grande r\u00e9putation pour les produits avec une grande efficacit\u00e9, une excellente fiabilit\u00e9, facilit\u00e9 d&rsquo;entretien et de longue dur\u00e9e de vie. Romiter a une excellente \u00e9quipe de soutien technique, y compris les machinistes tr\u00e8s exp\u00e9riment\u00e9s et des techniciens de maintenance. Toutes nos machines \u00e9quipent avec des composants de marque fiables, tels que Airtac, Festo, Leuze, Siemens, Mitsubishi, Delta, Omron, etc .. Cela nous permet de fournir \u00e0 nos clients avec des capsules de caf\u00e9 state-of-the-art continu haute qualit\u00e9 et d&#8217;emballage \u00e0 des prix comp\u00e9titifs. Notre service, le professionnalisme, l&rsquo;exp\u00e9rience et l&rsquo;expertise ont remport\u00e9 un grand nombre de clients satisfaits, nous ont gagn\u00e9 leur confiance et nous a donn\u00e9 de la cr\u00e9dibilit\u00e9 \u00e0 travailler avec diverses entreprises &#8212; grandes et petites, tout au long de la r\u00e9gion du Moyen-Orient, Am\u00e9rique du Nord &#8230;<\/p>\n","protected":false},"author":1,"featured_media":0,"parent":0,"menu_order":0,"comment_status":"closed","ping_status":"closed","template":"","meta":{"footnotes":""},"class_list":["post-284","page","type-page","status-publish","hentry"],"aioseo_notices":[],"jetpack_sharing_enabled":true,"_links":{"self":[{"href":"https:\/\/www.dripcoffeepacking.com\/fr\/wp-json\/wp\/v2\/pages\/284","targetHints":{"allow":["GET"]}}],"collection":[{"href":"https:\/\/www.dripcoffeepacking.com\/fr\/wp-json\/wp\/v2\/pages"}],"about":[{"href":"https:\/\/www.dripcoffeepacking.com\/fr\/wp-json\/wp\/v2\/types\/page"}],"author":[{"embeddable":true,"href":"https:\/\/www.dripcoffeepacking.com\/fr\/wp-json\/wp\/v2\/users\/1"}],"replies":[{"embeddable":true,"href":"https:\/\/www.dripcoffeepacking.com\/fr\/wp-json\/wp\/v2\/comments?post=284"}],"version-history":[{"count":0,"href":"https:\/\/www.dripcoffeepacking.com\/fr\/wp-json\/wp\/v2\/pages\/284\/revisions"}],"wp:attachment":[{"href":"https:\/\/www.dripcoffeepacking.com\/fr\/wp-json\/wp\/v2\/media?parent=284"}],"curies":[{"name":"wp","href":"https:\/\/api.w.org\/{rel}","templated":true}]}}