{"id":287,"date":"2016-07-10T05:42:38","date_gmt":"2016-07-10T05:42:38","guid":{"rendered":"http:\/\/www.dripcoffeepacking.com\/pt-pt\/?page_id=287"},"modified":"2016-07-20T03:22:51","modified_gmt":"2016-07-20T03:22:51","slug":"sobre-nos","status":"publish","type":"page","link":"https:\/\/www.dripcoffeepacking.com\/pt-pt\/sobre-nos\/","title":{"rendered":"Sobre n\u00f3s"},"content":{"rendered":"<p><a href=\"https:\/\/www.dripcoffeepacking.com\/square-shape-tea-bag-packing-machine-with-outer-pack\/\"><img decoding=\"async\" class=\"alignnone size-full wp-image-542\" src=\"https:\/\/www.dripcoffeepacking.com\/wp-content\/uploads\/2016\/07\/Banner6-Outer-Bag-and-Inner-Bag-Tea-Bag-Packing-Machine.jpg\" alt=\"Banner6-Outer-Bag-and-Inner-Bag-Tea-Bag-Packing-Machine\" width=\"1920\" height=\"500\" srcset=\"https:\/\/www.dripcoffeepacking.com\/wp-content\/uploads\/2016\/07\/Banner6-Outer-Bag-and-Inner-Bag-Tea-Bag-Packing-Machine.jpg 1920w, https:\/\/www.dripcoffeepacking.com\/wp-content\/uploads\/2016\/07\/Banner6-Outer-Bag-and-Inner-Bag-Tea-Bag-Packing-Machine-300x78.jpg 300w, https:\/\/www.dripcoffeepacking.com\/wp-content\/uploads\/2016\/07\/Banner6-Outer-Bag-and-Inner-Bag-Tea-Bag-Packing-Machine-768x200.jpg 768w, https:\/\/www.dripcoffeepacking.com\/wp-content\/uploads\/2016\/07\/Banner6-Outer-Bag-and-Inner-Bag-Tea-Bag-Packing-Machine-1024x267.jpg 1024w\" sizes=\"(max-width: 1920px) 100vw, 1920px\" \/><\/a><\/p>\n<p>Romiter Machinery Co., Ltd. \u00e9 um designer l\u00edder de mercado e um fabricante de embalagem de p\u00f3 de caf\u00e9 e ch\u00e1 m\u00e1quina de embalagem em p\u00f3<\/p>\n<p><a href=\"https:\/\/www.dripcoffeepacking.com\/automatic-drip-coffee-bag-packing-machine-with-outer-envelope\/\"><img decoding=\"async\" class=\"alignnone size-full wp-image-541\" src=\"https:\/\/www.dripcoffeepacking.com\/wp-content\/uploads\/2016\/07\/Banner1-Drip-Coffee-Bag-Packing-Machine.jpg\" alt=\"Banner1-Drip-Coffee-Bag-Packing-Machine\" width=\"1920\" height=\"500\" srcset=\"https:\/\/www.dripcoffeepacking.com\/wp-content\/uploads\/2016\/07\/Banner1-Drip-Coffee-Bag-Packing-Machine.jpg 1920w, https:\/\/www.dripcoffeepacking.com\/wp-content\/uploads\/2016\/07\/Banner1-Drip-Coffee-Bag-Packing-Machine-300x78.jpg 300w, https:\/\/www.dripcoffeepacking.com\/wp-content\/uploads\/2016\/07\/Banner1-Drip-Coffee-Bag-Packing-Machine-768x200.jpg 768w, https:\/\/www.dripcoffeepacking.com\/wp-content\/uploads\/2016\/07\/Banner1-Drip-Coffee-Bag-Packing-Machine-1024x267.jpg 1024w\" sizes=\"(max-width: 1920px) 100vw, 1920px\" \/><\/a><\/p>\n<p>Romiter Machinery ganha grande reputa\u00e7\u00e3o para produtos com alta efici\u00eancia, excelente confiabilidade, f\u00e1cil manuten\u00e7\u00e3o e longa vida \u00fatil. Romiter tem uma excelente equipe de suporte t\u00e9cnico, incluindo operadores de m\u00e1quinas altamente experientes e t\u00e9cnicos de servi\u00e7o. Todas as nossas m\u00e1quinas equipar com componentes de marcas confi\u00e1veis, como Airtac, Festo, Leuze, Siemens, Mitsubishi, Delta, Omron, etc .. Isto permite-nos oferecer aos nossos clientes cont\u00ednua c\u00e1psulas de caf\u00e9 state-of-the-art de alta qualidade e embalagem equipamentos a pre\u00e7os competitivos.<\/p>\n<p><a href=\"https:\/\/www.dripcoffeepacking.com\/full-automatic-pyramid-tea-bag-packing-machine-with-outer-envelope\/\"><img decoding=\"async\" class=\"alignnone size-full wp-image-540\" src=\"https:\/\/www.dripcoffeepacking.com\/wp-content\/uploads\/2016\/07\/Banner2-Pyramid-Nylon-Tea-Bag-Packing-Machine.jpg\" alt=\"Banner2-Pyramid-Nylon-Tea-Bag-Packing-Machine\" width=\"1920\" height=\"500\" srcset=\"https:\/\/www.dripcoffeepacking.com\/wp-content\/uploads\/2016\/07\/Banner2-Pyramid-Nylon-Tea-Bag-Packing-Machine.jpg 1920w, https:\/\/www.dripcoffeepacking.com\/wp-content\/uploads\/2016\/07\/Banner2-Pyramid-Nylon-Tea-Bag-Packing-Machine-300x78.jpg 300w, https:\/\/www.dripcoffeepacking.com\/wp-content\/uploads\/2016\/07\/Banner2-Pyramid-Nylon-Tea-Bag-Packing-Machine-768x200.jpg 768w, https:\/\/www.dripcoffeepacking.com\/wp-content\/uploads\/2016\/07\/Banner2-Pyramid-Nylon-Tea-Bag-Packing-Machine-1024x267.jpg 1024w\" sizes=\"(max-width: 1920px) 100vw, 1920px\" \/><\/a><\/p>\n<p>O nosso servi\u00e7o, profissionalismo, experi\u00eancia e especializa\u00e7\u00e3o ganharam um grande n\u00famero de clientes satisfeitos, ganharam-nos a sua confian\u00e7a e nos deu credibilidade para trabalhar com v\u00e1rias empresas &#8212; grandes e pequenos, em todo East Area Oriente, do Norte e Am\u00e9rica do Sul, Europa, Oceania, \u00c1sia e \u00c1frica, etc ..<\/p>\n<p><a href=\"https:\/\/www.dripcoffeepacking.com\/rotary-type-tea-capsules-filling-sealing-machine\/\"><img decoding=\"async\" class=\"alignnone size-full wp-image-544\" src=\"https:\/\/www.dripcoffeepacking.com\/wp-content\/uploads\/2016\/07\/Banner4-English-Breakfast-Tea-Capsules-Filling-Sealing-Machine.jpg\" alt=\"Banner4-English-Breakfast-Tea-Capsules-Filling-Sealing-Machine\" width=\"1920\" height=\"500\" srcset=\"https:\/\/www.dripcoffeepacking.com\/wp-content\/uploads\/2016\/07\/Banner4-English-Breakfast-Tea-Capsules-Filling-Sealing-Machine.jpg 1920w, https:\/\/www.dripcoffeepacking.com\/wp-content\/uploads\/2016\/07\/Banner4-English-Breakfast-Tea-Capsules-Filling-Sealing-Machine-300x78.jpg 300w, https:\/\/www.dripcoffeepacking.com\/wp-content\/uploads\/2016\/07\/Banner4-English-Breakfast-Tea-Capsules-Filling-Sealing-Machine-768x200.jpg 768w, https:\/\/www.dripcoffeepacking.com\/wp-content\/uploads\/2016\/07\/Banner4-English-Breakfast-Tea-Capsules-Filling-Sealing-Machine-1024x267.jpg 1024w\" sizes=\"(max-width: 1920px) 100vw, 1920px\" \/><\/a><\/p>\n<p>Romiter caf\u00e9 em p\u00f3 m\u00e1quina de embalagem e m\u00e1quina de embalagem de ch\u00e1 de p\u00f3 significa Europa exig\u00eancia de qualidade. com certifica\u00e7\u00e3o CE, o Cliente n\u00e3o precisa se preocupar com a importa\u00e7\u00e3o<\/p>\n<p><a href=\"https:\/\/www.dripcoffeepacking.com\/automatic-round-tea-pods-packing-machine\/\"><img decoding=\"async\" class=\"alignnone size-full wp-image-539\" src=\"https:\/\/www.dripcoffeepacking.com\/wp-content\/uploads\/2016\/07\/Banner3-Round-Shape-Tea-Pods-Packing-Machine.jpg\" alt=\"Banner3-Round-Shape-Tea-Pods-Packing-Machine\" width=\"1920\" height=\"500\" srcset=\"https:\/\/www.dripcoffeepacking.com\/wp-content\/uploads\/2016\/07\/Banner3-Round-Shape-Tea-Pods-Packing-Machine.jpg 1920w, https:\/\/www.dripcoffeepacking.com\/wp-content\/uploads\/2016\/07\/Banner3-Round-Shape-Tea-Pods-Packing-Machine-300x78.jpg 300w, https:\/\/www.dripcoffeepacking.com\/wp-content\/uploads\/2016\/07\/Banner3-Round-Shape-Tea-Pods-Packing-Machine-768x200.jpg 768w, https:\/\/www.dripcoffeepacking.com\/wp-content\/uploads\/2016\/07\/Banner3-Round-Shape-Tea-Pods-Packing-Machine-1024x267.jpg 1024w\" sizes=\"(max-width: 1920px) 100vw, 1920px\" \/><\/a><\/p>\n<p>Romiter Grupo fornece uma solu\u00e7\u00e3o coffeee em p\u00f3 e p\u00f3 de ch\u00e1 embalagem completa, que inclui mas n\u00e3o est\u00e1 limitado a:<\/p>\n<ol>\n<li>Drip Coffee Bag m\u00e1quina de embalagem<\/li>\n<li>M\u00e1quina de embalagem de caf\u00e9 da vara instant\u00e2nea<\/li>\n<li>C\u00e1psulas de ch\u00e1 de enchimento da selagem<\/li>\n<li>Tea Bag M\u00e1quina de embalagem<\/li>\n<li>Pods Ch\u00e1 m\u00e1quina de embalagem<\/li>\n<li>C\u00e1psulas de caf\u00e9 de enchimento da selagem<\/li>\n<li>Vazio Drip Coffee Bag, c\u00e1psulas de ch\u00e1 vazios, vazios c\u00e1psulas Nespresso, Kcups C\u00e1psulas<\/li>\n<\/ol>\n<p>Romiter Grupo pode fornecer produtos personalizados para os clientes. Bem-vindo a contactar-nos para mais informa\u00e7\u00f5es.<\/p>\n<p><span style=\"font-family: verdana,geneva;\">Facebook Page:\u00a0<a href=\"https:\/\/www.facebook.com\/PyramidTeaBagPackingMachine\/\" rel=\"nofollow\">https:\/\/www.facebook.com\/PyramidTeaBagPackingMachine\/<\/a><\/span><\/p>\n<h2><span style=\"font-family: verdana, geneva; color: #000000; background-color: #ffffff;\">Welcome to Contact Us<\/span><\/h2>\n<hr \/>\n\n<div class=\"wpcf7 no-js\" id=\"wpcf7-f15-o1\" lang=\"en-US\" dir=\"ltr\" data-wpcf7-id=\"15\">\n<div class=\"screen-reader-response\"><p role=\"status\" aria-live=\"polite\" aria-atomic=\"true\"><\/p> <ul><\/ul><\/div>\n<form action=\"\/pt-pt\/wp-json\/wp\/v2\/pages\/287#wpcf7-f15-o1\" method=\"post\" class=\"wpcf7-form init\" aria-label=\"Contact form\" novalidate=\"novalidate\" data-status=\"init\">\n<fieldset class=\"hidden-fields-container\"><input type=\"hidden\" name=\"_wpcf7\" value=\"15\" \/><input type=\"hidden\" name=\"_wpcf7_version\" value=\"6.1.5\" \/><input type=\"hidden\" name=\"_wpcf7_locale\" value=\"en_US\" \/><input type=\"hidden\" name=\"_wpcf7_unit_tag\" value=\"wpcf7-f15-o1\" \/><input type=\"hidden\" name=\"_wpcf7_container_post\" value=\"0\" \/><input type=\"hidden\" name=\"_wpcf7_posted_data_hash\" value=\"\" \/>\n<\/fieldset>\n<div id=\"inquiryForm\">\n\t<h2>Send Us Inquiry to Get Quotation\n\t<\/h2>\n\t<p>Please enter your contact information and the details you want to know about our product.\n\t<\/p>\n\t<p>Your Name (required)\n\t<\/p>\n\t<p><span class=\"wpcf7-form-control-wrap\" data-name=\"your-name\"><input size=\"40\" maxlength=\"400\" class=\"wpcf7-form-control wpcf7-text wpcf7-validates-as-required\" aria-required=\"true\" aria-invalid=\"false\" value=\"\" type=\"text\" name=\"your-name\" \/><\/span>\n\t<\/p>\n\t<p>Your Email (required)\n\t<\/p>\n\t<p><span class=\"wpcf7-form-control-wrap\" data-name=\"your-email\"><input size=\"40\" maxlength=\"400\" class=\"wpcf7-form-control wpcf7-email wpcf7-validates-as-required wpcf7-text wpcf7-validates-as-email\" aria-required=\"true\" aria-invalid=\"false\" value=\"\" type=\"email\" name=\"your-email\" \/><\/span>\n\t<\/p>\n\t<p>Country\n\t<\/p>\n\t<p><span class=\"wpcf7-form-control-wrap\" data-name=\"your-country\"><input size=\"40\" maxlength=\"400\" class=\"wpcf7-form-control wpcf7-text\" aria-invalid=\"false\" placeholder=\"Tell us Your Country\" value=\"\" type=\"text\" name=\"your-country\" \/><\/span>\n\t<\/p>\n\t<p>WhatsApp\n\t<\/p>\n\t<p><span class=\"wpcf7-form-control-wrap\" data-name=\"your-whatsapp\"><input size=\"40\" maxlength=\"400\" class=\"wpcf7-form-control wpcf7-text\" aria-invalid=\"false\" placeholder=\"Your WhatsApp ID with Country Code\" value=\"\" type=\"text\" name=\"your-whatsapp\" \/><\/span>\n\t<\/p>\n\t<p>Subject\n\t<\/p>\n\t<p><span class=\"wpcf7-form-control-wrap\" data-name=\"your-subject\"><input size=\"40\" maxlength=\"400\" class=\"wpcf7-form-control wpcf7-text\" aria-invalid=\"false\" value=\"\" type=\"text\" name=\"your-subject\" \/><\/span>\n\t<\/p>\n\t<p>Your Message (required)\n\t<\/p>\n\t<p><span class=\"wpcf7-form-control-wrap\" data-name=\"your-message\"><textarea cols=\"40\" rows=\"10\" maxlength=\"2000\" class=\"wpcf7-form-control wpcf7-textarea wpcf7-validates-as-required\" aria-required=\"true\" aria-invalid=\"false\" placeholder=\"please specify your detail requirement here\" name=\"your-message\"><\/textarea><\/span>\n\t<\/p>\n\t<p><input class=\"wpcf7-form-control wpcf7-submit has-spinner\" type=\"submit\" value=\"Send\" \/>\n\t<\/p>\n<\/div><p style=\"display: none !important;\" class=\"akismet-fields-container\" data-prefix=\"_wpcf7_ak_\"><label>&#916;<textarea name=\"_wpcf7_ak_hp_textarea\" cols=\"45\" rows=\"8\" maxlength=\"100\"><\/textarea><\/label><input type=\"hidden\" id=\"ak_js_1\" name=\"_wpcf7_ak_js\" value=\"136\"\/><script>document.getElementById( \"ak_js_1\" ).setAttribute( \"value\", ( new Date() ).getTime() );<\/script><\/p><div class=\"wpcf7-response-output\" aria-hidden=\"true\"><\/div>\n<\/form>\n<\/div>\n\n","protected":false},"excerpt":{"rendered":"<p>Romiter Machinery Co., Ltd. \u00e9 um designer l\u00edder de mercado e um fabricante de embalagem de p\u00f3 de caf\u00e9 e ch\u00e1 m\u00e1quina de embalagem em p\u00f3 Romiter Machinery ganha grande reputa\u00e7\u00e3o para produtos com alta efici\u00eancia, excelente confiabilidade, f\u00e1cil manuten\u00e7\u00e3o e longa vida \u00fatil. Romiter tem uma excelente equipe de suporte t\u00e9cnico, incluindo operadores de m\u00e1quinas altamente experientes e t\u00e9cnicos de servi\u00e7o. Todas as nossas m\u00e1quinas equipar com componentes de marcas confi\u00e1veis, como Airtac, Festo, Leuze, Siemens, Mitsubishi, Delta, Omron, etc .. Isto permite-nos oferecer aos nossos clientes cont\u00ednua c\u00e1psulas de caf\u00e9 state-of-the-art de alta qualidade e embalagem equipamentos a pre\u00e7os competitivos. O nosso servi\u00e7o, profissionalismo, experi\u00eancia e especializa\u00e7\u00e3o ganharam um grande n\u00famero de clientes satisfeitos, ganharam-nos a sua confian\u00e7a e nos deu credibilidade para trabalhar com v\u00e1rias empresas &#8212; grandes e pequenos, em todo East Area Oriente, do Norte e Am\u00e9rica do Sul, Europa, Oceania, \u00c1sia e \u00c1frica, etc .. Romiter caf\u00e9 em p\u00f3 m\u00e1quina de embalagem e m\u00e1quina &#8230;<\/p>\n","protected":false},"author":1,"featured_media":0,"parent":0,"menu_order":0,"comment_status":"closed","ping_status":"closed","template":"","meta":{"footnotes":""},"class_list":["post-287","page","type-page","status-publish","hentry"],"aioseo_notices":[],"jetpack_sharing_enabled":true,"_links":{"self":[{"href":"https:\/\/www.dripcoffeepacking.com\/pt-pt\/wp-json\/wp\/v2\/pages\/287","targetHints":{"allow":["GET"]}}],"collection":[{"href":"https:\/\/www.dripcoffeepacking.com\/pt-pt\/wp-json\/wp\/v2\/pages"}],"about":[{"href":"https:\/\/www.dripcoffeepacking.com\/pt-pt\/wp-json\/wp\/v2\/types\/page"}],"author":[{"embeddable":true,"href":"https:\/\/www.dripcoffeepacking.com\/pt-pt\/wp-json\/wp\/v2\/users\/1"}],"replies":[{"embeddable":true,"href":"https:\/\/www.dripcoffeepacking.com\/pt-pt\/wp-json\/wp\/v2\/comments?post=287"}],"version-history":[{"count":0,"href":"https:\/\/www.dripcoffeepacking.com\/pt-pt\/wp-json\/wp\/v2\/pages\/287\/revisions"}],"wp:attachment":[{"href":"https:\/\/www.dripcoffeepacking.com\/pt-pt\/wp-json\/wp\/v2\/media?parent=287"}],"curies":[{"name":"wp","href":"https:\/\/api.w.org\/{rel}","templated":true}]}}